{"id":1489,"date":"2026-03-07T10:52:08","date_gmt":"2026-03-07T08:52:08","guid":{"rendered":"https:\/\/www.jaumejuan.com\/404-2\/"},"modified":"2026-03-15T21:21:48","modified_gmt":"2026-03-15T19:21:48","slug":"404-2","status":"publish","type":"page","link":"https:\/\/www.jaumejuan.com\/es\/404-2\/","title":{"rendered":"404"},"content":{"rendered":"<div class=\"wpb-content-wrapper\">[vc_section full_height=\u00bbyes\u00bb content_placement=\u00bbmiddle\u00bb css=\u00bb.vc_custom_1772873601284{padding-top: 50px !important;padding-bottom: 100px !important;}\u00bb][vc_row][vc_column]<div class=\"vcex-icon vcex-module vcex-icon-normal wpex-text-center servei-icona\"><div class=\"vcex-icon-wrap wpex-inline-flex wpex-items-center wpex-justify-center wpex-leading-none\"><span aria-hidden=\"true\" class=\"fa fa-solid fa-skull-crossbones\"><\/span><\/div><\/div>[vc_column_text css=\u00bb.vc_custom_1772873754531{margin-bottom: 50px !important;}\u00bb el_class=\u00bbtitol-seccio\u00bb]\n<h1 style=\"text-align: center;\">Error 404<\/h1>\n[\/vc_column_text][vc_column_text css=\u00bb.vc_custom_1772874000988{margin-bottom: 50px !important;}\u00bb]\n<p style=\"text-align: center;\"><strong>\u00a1Ups!<\/strong><\/p>\n<p style=\"text-align: center;\">No se ha encontrado la p\u00e1gina.<br \/>\nEsta direcci\u00f3n no existe o no est\u00e1 activa.<\/p>\n[\/vc_column_text][vc_column_text css=\u00bb.vc_custom_1772873737100{margin-bottom: 50px !important;}\u00bb]\n<p style=\"text-align: center;\"><a href=\"https:\/\/www.jaumejuan.com\/es\/\">+ Volver a la web<\/a><\/p>\n[\/vc_column_text][\/vc_column][\/vc_row][\/vc_section]\n<\/div>","protected":false},"excerpt":{"rendered":"<p>[vc_section full_height=\u00bbyes\u00bb content_placement=\u00bbmiddle\u00bb css=\u00bb.vc_custom_1772873601284{padding-top: 50px !important;padding-bottom: 100px !important;}\u00bb][vc_row][vc_column][vc_column_text css=\u00bb.vc_custom_1772873754531{margin-bottom: 50px !important;}\u00bb el_class=\u00bbtitol-seccio\u00bb] Error 404 [\/vc_column_text][vc_column_text css=\u00bb.vc_custom_1772874000988{margin-bottom: 50px !important;}\u00bb] \u00a1Ups! No se ha encontrado la p\u00e1gina. Esta direcci\u00f3n no existe o no est\u00e1 activa. [\/vc_column_text][vc_column_text css=\u00bb.vc_custom_1772873737100{margin-bottom: 50px !important;}\u00bb] + Volver a la web [\/vc_column_text][\/vc_column][\/vc_row][\/vc_section]<\/p>\n","protected":false},"author":1,"featured_media":1474,"parent":0,"menu_order":0,"comment_status":"closed","ping_status":"closed","template":"","meta":{"inline_featured_image":false,"footnotes":""},"class_list":["post-1489","page","type-page","status-publish","has-post-thumbnail","hentry","entry","has-media"],"yoast_head":"<!-- This site is optimized with the Yoast SEO plugin v27.5 - https:\/\/yoast.com\/product\/yoast-seo-wordpress\/ -->\n<title>Error 404 | Jaume Juan<\/title>\n<meta name=\"description\" content=\"\u00a1Ups! No se ha encontrado la p\u00e1gina. Esta direcci\u00f3n no existe o no est\u00e1 activa.\" \/>\n<meta name=\"robots\" content=\"index, follow, max-snippet:-1, max-image-preview:large, max-video-preview:-1\" \/>\n<link rel=\"canonical\" href=\"https:\/\/www.jaumejuan.com\/es\/404-2\/\" \/>\n<meta property=\"og:locale\" content=\"es_ES\" \/>\n<meta property=\"og:type\" content=\"article\" \/>\n<meta property=\"og:title\" content=\"Error 404 | Jaume Juan\" \/>\n<meta property=\"og:description\" content=\"\u00a1Ups! No se ha encontrado la p\u00e1gina. Esta direcci\u00f3n no existe o no est\u00e1 activa.\" \/>\n<meta property=\"og:url\" content=\"https:\/\/www.jaumejuan.com\/es\/404-2\/\" \/>\n<meta property=\"og:site_name\" content=\"Jaume Juan\" \/>\n<meta property=\"article:modified_time\" content=\"2026-03-15T19:21:48+00:00\" \/>\n<meta property=\"og:image\" content=\"https:\/\/www.jaumejuan.com\/wp-content\/uploads\/2026\/03\/jaume-juan-disseny-interior-web.jpg\" \/>\n\t<meta property=\"og:image:width\" content=\"1025\" \/>\n\t<meta property=\"og:image:height\" content=\"1025\" \/>\n\t<meta property=\"og:image:type\" content=\"image\/jpeg\" \/>\n<meta name=\"twitter:card\" content=\"summary_large_image\" \/>\n<meta name=\"twitter:label1\" content=\"Tiempo de lectura\" \/>\n\t<meta name=\"twitter:data1\" content=\"1 minuto\" \/>\n<script type=\"application\/ld+json\" class=\"yoast-schema-graph\">{\"@context\":\"https:\\\/\\\/schema.org\",\"@graph\":[{\"@type\":\"WebPage\",\"@id\":\"https:\\\/\\\/www.jaumejuan.com\\\/es\\\/404-2\\\/\",\"url\":\"https:\\\/\\\/www.jaumejuan.com\\\/es\\\/404-2\\\/\",\"name\":\"Error 404 | Jaume Juan\",\"isPartOf\":{\"@id\":\"https:\\\/\\\/www.jaumejuan.com\\\/es\\\/#website\"},\"primaryImageOfPage\":{\"@id\":\"https:\\\/\\\/www.jaumejuan.com\\\/es\\\/404-2\\\/#primaryimage\"},\"image\":{\"@id\":\"https:\\\/\\\/www.jaumejuan.com\\\/es\\\/404-2\\\/#primaryimage\"},\"thumbnailUrl\":\"https:\\\/\\\/www.jaumejuan.com\\\/wp-content\\\/uploads\\\/2026\\\/03\\\/jaume-juan-disseny-interior-web.jpg\",\"datePublished\":\"2026-03-07T08:52:08+00:00\",\"dateModified\":\"2026-03-15T19:21:48+00:00\",\"description\":\"\u00a1Ups! No se ha encontrado la p\u00e1gina. Esta direcci\u00f3n no existe o no est\u00e1 activa.\",\"breadcrumb\":{\"@id\":\"https:\\\/\\\/www.jaumejuan.com\\\/es\\\/404-2\\\/#breadcrumb\"},\"inLanguage\":\"es\",\"potentialAction\":[{\"@type\":\"ReadAction\",\"target\":[\"https:\\\/\\\/www.jaumejuan.com\\\/es\\\/404-2\\\/\"]}]},{\"@type\":\"ImageObject\",\"inLanguage\":\"es\",\"@id\":\"https:\\\/\\\/www.jaumejuan.com\\\/es\\\/404-2\\\/#primaryimage\",\"url\":\"https:\\\/\\\/www.jaumejuan.com\\\/wp-content\\\/uploads\\\/2026\\\/03\\\/jaume-juan-disseny-interior-web.jpg\",\"contentUrl\":\"https:\\\/\\\/www.jaumejuan.com\\\/wp-content\\\/uploads\\\/2026\\\/03\\\/jaume-juan-disseny-interior-web.jpg\",\"width\":1025,\"height\":1025},{\"@type\":\"BreadcrumbList\",\"@id\":\"https:\\\/\\\/www.jaumejuan.com\\\/es\\\/404-2\\\/#breadcrumb\",\"itemListElement\":[{\"@type\":\"ListItem\",\"position\":1,\"name\":\"Inici\",\"item\":\"https:\\\/\\\/www.jaumejuan.com\\\/es\\\/inicio\\\/\"},{\"@type\":\"ListItem\",\"position\":2,\"name\":\"404\"}]},{\"@type\":\"WebSite\",\"@id\":\"https:\\\/\\\/www.jaumejuan.com\\\/es\\\/#website\",\"url\":\"https:\\\/\\\/www.jaumejuan.com\\\/es\\\/\",\"name\":\"Jaume Juan - Disseny interior\",\"description\":\"Disseny interior a Mallorca\",\"publisher\":{\"@id\":\"https:\\\/\\\/www.jaumejuan.com\\\/es\\\/#organization\"},\"potentialAction\":[{\"@type\":\"SearchAction\",\"target\":{\"@type\":\"EntryPoint\",\"urlTemplate\":\"https:\\\/\\\/www.jaumejuan.com\\\/es\\\/?s={search_term_string}\"},\"query-input\":{\"@type\":\"PropertyValueSpecification\",\"valueRequired\":true,\"valueName\":\"search_term_string\"}}],\"inLanguage\":\"es\"},{\"@type\":\"Organization\",\"@id\":\"https:\\\/\\\/www.jaumejuan.com\\\/es\\\/#organization\",\"name\":\"Jaume Juan - Disseny interior\",\"url\":\"https:\\\/\\\/www.jaumejuan.com\\\/es\\\/\",\"logo\":{\"@type\":\"ImageObject\",\"inLanguage\":\"es\",\"@id\":\"https:\\\/\\\/www.jaumejuan.com\\\/es\\\/#\\\/schema\\\/logo\\\/image\\\/\",\"url\":\"https:\\\/\\\/www.jaumejuan.com\\\/wp-content\\\/uploads\\\/2026\\\/03\\\/jaume-juan-disseny-interior-web.jpg\",\"contentUrl\":\"https:\\\/\\\/www.jaumejuan.com\\\/wp-content\\\/uploads\\\/2026\\\/03\\\/jaume-juan-disseny-interior-web.jpg\",\"width\":1025,\"height\":1025,\"caption\":\"Jaume Juan - Disseny interior\"},\"image\":{\"@id\":\"https:\\\/\\\/www.jaumejuan.com\\\/es\\\/#\\\/schema\\\/logo\\\/image\\\/\"},\"sameAs\":[\"https:\\\/\\\/www.instagram.com\\\/jaumejuan_dissenyinterior\\\/\"]}]}<\/script>\n<!-- \/ Yoast SEO plugin. -->","yoast_head_json":{"title":"Error 404 | Jaume Juan","description":"\u00a1Ups! No se ha encontrado la p\u00e1gina. Esta direcci\u00f3n no existe o no est\u00e1 activa.","robots":{"index":"index","follow":"follow","max-snippet":"max-snippet:-1","max-image-preview":"max-image-preview:large","max-video-preview":"max-video-preview:-1"},"canonical":"https:\/\/www.jaumejuan.com\/es\/404-2\/","og_locale":"es_ES","og_type":"article","og_title":"Error 404 | Jaume Juan","og_description":"\u00a1Ups! No se ha encontrado la p\u00e1gina. Esta direcci\u00f3n no existe o no est\u00e1 activa.","og_url":"https:\/\/www.jaumejuan.com\/es\/404-2\/","og_site_name":"Jaume Juan","article_modified_time":"2026-03-15T19:21:48+00:00","og_image":[{"width":1025,"height":1025,"url":"https:\/\/www.jaumejuan.com\/wp-content\/uploads\/2026\/03\/jaume-juan-disseny-interior-web.jpg","type":"image\/jpeg"}],"twitter_card":"summary_large_image","twitter_misc":{"Tiempo de lectura":"1 minuto"},"schema":{"@context":"https:\/\/schema.org","@graph":[{"@type":"WebPage","@id":"https:\/\/www.jaumejuan.com\/es\/404-2\/","url":"https:\/\/www.jaumejuan.com\/es\/404-2\/","name":"Error 404 | Jaume Juan","isPartOf":{"@id":"https:\/\/www.jaumejuan.com\/es\/#website"},"primaryImageOfPage":{"@id":"https:\/\/www.jaumejuan.com\/es\/404-2\/#primaryimage"},"image":{"@id":"https:\/\/www.jaumejuan.com\/es\/404-2\/#primaryimage"},"thumbnailUrl":"https:\/\/www.jaumejuan.com\/wp-content\/uploads\/2026\/03\/jaume-juan-disseny-interior-web.jpg","datePublished":"2026-03-07T08:52:08+00:00","dateModified":"2026-03-15T19:21:48+00:00","description":"\u00a1Ups! No se ha encontrado la p\u00e1gina. Esta direcci\u00f3n no existe o no est\u00e1 activa.","breadcrumb":{"@id":"https:\/\/www.jaumejuan.com\/es\/404-2\/#breadcrumb"},"inLanguage":"es","potentialAction":[{"@type":"ReadAction","target":["https:\/\/www.jaumejuan.com\/es\/404-2\/"]}]},{"@type":"ImageObject","inLanguage":"es","@id":"https:\/\/www.jaumejuan.com\/es\/404-2\/#primaryimage","url":"https:\/\/www.jaumejuan.com\/wp-content\/uploads\/2026\/03\/jaume-juan-disseny-interior-web.jpg","contentUrl":"https:\/\/www.jaumejuan.com\/wp-content\/uploads\/2026\/03\/jaume-juan-disseny-interior-web.jpg","width":1025,"height":1025},{"@type":"BreadcrumbList","@id":"https:\/\/www.jaumejuan.com\/es\/404-2\/#breadcrumb","itemListElement":[{"@type":"ListItem","position":1,"name":"Inici","item":"https:\/\/www.jaumejuan.com\/es\/inicio\/"},{"@type":"ListItem","position":2,"name":"404"}]},{"@type":"WebSite","@id":"https:\/\/www.jaumejuan.com\/es\/#website","url":"https:\/\/www.jaumejuan.com\/es\/","name":"Jaume Juan - Disseny interior","description":"Disseny interior a Mallorca","publisher":{"@id":"https:\/\/www.jaumejuan.com\/es\/#organization"},"potentialAction":[{"@type":"SearchAction","target":{"@type":"EntryPoint","urlTemplate":"https:\/\/www.jaumejuan.com\/es\/?s={search_term_string}"},"query-input":{"@type":"PropertyValueSpecification","valueRequired":true,"valueName":"search_term_string"}}],"inLanguage":"es"},{"@type":"Organization","@id":"https:\/\/www.jaumejuan.com\/es\/#organization","name":"Jaume Juan - Disseny interior","url":"https:\/\/www.jaumejuan.com\/es\/","logo":{"@type":"ImageObject","inLanguage":"es","@id":"https:\/\/www.jaumejuan.com\/es\/#\/schema\/logo\/image\/","url":"https:\/\/www.jaumejuan.com\/wp-content\/uploads\/2026\/03\/jaume-juan-disseny-interior-web.jpg","contentUrl":"https:\/\/www.jaumejuan.com\/wp-content\/uploads\/2026\/03\/jaume-juan-disseny-interior-web.jpg","width":1025,"height":1025,"caption":"Jaume Juan - Disseny interior"},"image":{"@id":"https:\/\/www.jaumejuan.com\/es\/#\/schema\/logo\/image\/"},"sameAs":["https:\/\/www.instagram.com\/jaumejuan_dissenyinterior\/"]}]}},"_links":{"self":[{"href":"https:\/\/www.jaumejuan.com\/es\/wp-json\/wp\/v2\/pages\/1489","targetHints":{"allow":["GET"]}}],"collection":[{"href":"https:\/\/www.jaumejuan.com\/es\/wp-json\/wp\/v2\/pages"}],"about":[{"href":"https:\/\/www.jaumejuan.com\/es\/wp-json\/wp\/v2\/types\/page"}],"author":[{"embeddable":true,"href":"https:\/\/www.jaumejuan.com\/es\/wp-json\/wp\/v2\/users\/1"}],"replies":[{"embeddable":true,"href":"https:\/\/www.jaumejuan.com\/es\/wp-json\/wp\/v2\/comments?post=1489"}],"version-history":[{"count":2,"href":"https:\/\/www.jaumejuan.com\/es\/wp-json\/wp\/v2\/pages\/1489\/revisions"}],"predecessor-version":[{"id":1491,"href":"https:\/\/www.jaumejuan.com\/es\/wp-json\/wp\/v2\/pages\/1489\/revisions\/1491"}],"wp:featuredmedia":[{"embeddable":true,"href":"https:\/\/www.jaumejuan.com\/es\/wp-json\/wp\/v2\/media\/1474"}],"wp:attachment":[{"href":"https:\/\/www.jaumejuan.com\/es\/wp-json\/wp\/v2\/media?parent=1489"}],"curies":[{"name":"wp","href":"https:\/\/api.w.org\/{rel}","templated":true}]}}