{"id":1483,"date":"2026-02-01T17:29:52","date_gmt":"2026-02-01T15:29:52","guid":{"rendered":"https:\/\/www.jaumejuan.com\/proyectos\/"},"modified":"2026-03-29T10:49:59","modified_gmt":"2026-03-29T08:49:59","slug":"proyectos","status":"publish","type":"page","link":"https:\/\/www.jaumejuan.com\/es\/proyectos\/","title":{"rendered":"Proyectos"},"content":{"rendered":"<div class=\"wpb-content-wrapper\">[vc_section full_height=\u00bbyes\u00bb css=\u00bb.vc_custom_1772741017729{padding-top: 50px !important;padding-bottom: 100px !important;}\u00bb][vc_row][vc_column][vc_column_text css=\u00bb.vc_custom_1773052621497{margin-bottom: 25px !important;}\u00bb el_class=\u00bbtitol-seccio\u00bb]\n<h1>Proyectos<\/h1>\n[\/vc_column_text][vc_column_text css=\u00bb.vc_custom_1773052581129{margin-bottom: 50px !important;}\u00bb el_class=\u00bbtext-obra\u00bb]Proyectos destacados de dise\u00f1o de interiores realizados en los \u00faltimos a\u00f1os. Entre ellos se incluyen reformas de viviendas, dise\u00f1o de interiores de apartamentos y el dise\u00f1o de espacios residenciales en diversos municipios de Mallorca, como Palma, Manacor y Santany\u00ed, entre otros.[\/vc_column_text]<div class=\"wpex-post-cards wpex-post-cards-template_705 wpb-animate-in-sequence wpex-relative\"><div class=\"wpex-post-cards-inner\"><\/div><\/div>[vc_column_text css=\u00bb.vc_custom_1773052444957{margin-top: 25px !important;margin-bottom: 25px !important;}\u00bb el_class=\u00bbtext-obra\u00bb]Si est\u00e1s pensando en llevar a cabo un proyecto de dise\u00f1o de interiores en Mallorca, puedes ponerte en contacto conmigo. Analizaremos el proyecto y definiremos la propuesta de dise\u00f1o m\u00e1s adecuada.[\/vc_column_text][vc_column_text css=\u00bb\u00bb el_class=\u00bbtext-obra\u00bb]<a href=\"https:\/\/www.jaumejuan.com\/es\/contacto\/\">+ Contacto<\/a>[\/vc_column_text][\/vc_column][\/vc_row][\/vc_section]\n<\/div>","protected":false},"excerpt":{"rendered":"<p>[vc_section full_height=\u00bbyes\u00bb css=\u00bb.vc_custom_1772741017729{padding-top: 50px !important;padding-bottom: 100px !important;}\u00bb][vc_row][vc_column][vc_column_text css=\u00bb.vc_custom_1773052621497{margin-bottom: 25px !important;}\u00bb el_class=\u00bbtitol-seccio\u00bb] Proyectos [\/vc_column_text][vc_column_text css=\u00bb.vc_custom_1773052581129{margin-bottom: 50px !important;}\u00bb el_class=\u00bbtext-obra\u00bb]Proyectos destacados de dise\u00f1o de interiores realizados en los \u00faltimos a\u00f1os. Entre ellos se incluyen reformas de viviendas, dise\u00f1o de interiores de apartamentos y el dise\u00f1o de espacios residenciales en diversos municipios de Mallorca, como Palma, Manacor y Santany\u00ed,&hellip;<\/p>\n","protected":false},"author":1,"featured_media":1474,"parent":0,"menu_order":0,"comment_status":"closed","ping_status":"closed","template":"","meta":{"inline_featured_image":false,"footnotes":""},"class_list":["post-1483","page","type-page","status-publish","has-post-thumbnail","hentry","entry","has-media"],"yoast_head":"<!-- This site is optimized with the Yoast SEO plugin v27.3 - https:\/\/yoast.com\/product\/yoast-seo-wordpress\/ -->\n<title>Proyectos de dise\u00f1o de interiores en Mallorca | Jaume Juan<\/title>\n<meta name=\"description\" content=\"Proyectos de dise\u00f1o de interiores realizados en Mallorca: reformas de viviendas, casas r\u00fasticas, promociones residenciales y locales comerciales.\" \/>\n<meta name=\"robots\" content=\"index, follow, max-snippet:-1, max-image-preview:large, max-video-preview:-1\" \/>\n<link rel=\"canonical\" href=\"https:\/\/www.jaumejuan.com\/es\/proyectos\/\" \/>\n<meta property=\"og:locale\" content=\"es_ES\" \/>\n<meta property=\"og:type\" content=\"article\" \/>\n<meta property=\"og:title\" content=\"Proyectos de dise\u00f1o de interiores en Mallorca | Jaume Juan\" \/>\n<meta property=\"og:description\" content=\"Proyectos de dise\u00f1o de interiores realizados en Mallorca: reformas de viviendas, casas r\u00fasticas, promociones residenciales y locales comerciales.\" \/>\n<meta property=\"og:url\" content=\"https:\/\/www.jaumejuan.com\/es\/proyectos\/\" \/>\n<meta property=\"og:site_name\" content=\"Jaume Juan\" \/>\n<meta property=\"article:modified_time\" content=\"2026-03-29T08:49:59+00:00\" \/>\n<meta property=\"og:image\" content=\"https:\/\/www.jaumejuan.com\/wp-content\/uploads\/2026\/03\/jaume-juan-disseny-interior-web.jpg\" \/>\n\t<meta property=\"og:image:width\" content=\"1025\" \/>\n\t<meta property=\"og:image:height\" content=\"1025\" \/>\n\t<meta property=\"og:image:type\" content=\"image\/jpeg\" \/>\n<meta name=\"twitter:card\" content=\"summary_large_image\" \/>\n<meta name=\"twitter:label1\" content=\"Tiempo de lectura\" \/>\n\t<meta name=\"twitter:data1\" content=\"1 minuto\" \/>\n<script type=\"application\/ld+json\" class=\"yoast-schema-graph\">{\"@context\":\"https:\\\/\\\/schema.org\",\"@graph\":[{\"@type\":\"WebPage\",\"@id\":\"https:\\\/\\\/www.jaumejuan.com\\\/es\\\/proyectos\\\/\",\"url\":\"https:\\\/\\\/www.jaumejuan.com\\\/es\\\/proyectos\\\/\",\"name\":\"Proyectos de dise\u00f1o de interiores en Mallorca | Jaume Juan\",\"isPartOf\":{\"@id\":\"https:\\\/\\\/www.jaumejuan.com\\\/es\\\/#website\"},\"primaryImageOfPage\":{\"@id\":\"https:\\\/\\\/www.jaumejuan.com\\\/es\\\/proyectos\\\/#primaryimage\"},\"image\":{\"@id\":\"https:\\\/\\\/www.jaumejuan.com\\\/es\\\/proyectos\\\/#primaryimage\"},\"thumbnailUrl\":\"https:\\\/\\\/www.jaumejuan.com\\\/wp-content\\\/uploads\\\/2026\\\/03\\\/jaume-juan-disseny-interior-web.jpg\",\"datePublished\":\"2026-02-01T15:29:52+00:00\",\"dateModified\":\"2026-03-29T08:49:59+00:00\",\"description\":\"Proyectos de dise\u00f1o de interiores realizados en Mallorca: reformas de viviendas, casas r\u00fasticas, promociones residenciales y locales comerciales.\",\"breadcrumb\":{\"@id\":\"https:\\\/\\\/www.jaumejuan.com\\\/es\\\/proyectos\\\/#breadcrumb\"},\"inLanguage\":\"es\",\"potentialAction\":[{\"@type\":\"ReadAction\",\"target\":[\"https:\\\/\\\/www.jaumejuan.com\\\/es\\\/proyectos\\\/\"]}]},{\"@type\":\"ImageObject\",\"inLanguage\":\"es\",\"@id\":\"https:\\\/\\\/www.jaumejuan.com\\\/es\\\/proyectos\\\/#primaryimage\",\"url\":\"https:\\\/\\\/www.jaumejuan.com\\\/wp-content\\\/uploads\\\/2026\\\/03\\\/jaume-juan-disseny-interior-web.jpg\",\"contentUrl\":\"https:\\\/\\\/www.jaumejuan.com\\\/wp-content\\\/uploads\\\/2026\\\/03\\\/jaume-juan-disseny-interior-web.jpg\",\"width\":1025,\"height\":1025},{\"@type\":\"BreadcrumbList\",\"@id\":\"https:\\\/\\\/www.jaumejuan.com\\\/es\\\/proyectos\\\/#breadcrumb\",\"itemListElement\":[{\"@type\":\"ListItem\",\"position\":1,\"name\":\"Inici\",\"item\":\"https:\\\/\\\/www.jaumejuan.com\\\/es\\\/inicio\\\/\"},{\"@type\":\"ListItem\",\"position\":2,\"name\":\"Proyectos\"}]},{\"@type\":\"WebSite\",\"@id\":\"https:\\\/\\\/www.jaumejuan.com\\\/es\\\/#website\",\"url\":\"https:\\\/\\\/www.jaumejuan.com\\\/es\\\/\",\"name\":\"Jaume Juan - Disseny interior\",\"description\":\"Disseny interior a Mallorca\",\"publisher\":{\"@id\":\"https:\\\/\\\/www.jaumejuan.com\\\/es\\\/#organization\"},\"potentialAction\":[{\"@type\":\"SearchAction\",\"target\":{\"@type\":\"EntryPoint\",\"urlTemplate\":\"https:\\\/\\\/www.jaumejuan.com\\\/es\\\/?s={search_term_string}\"},\"query-input\":{\"@type\":\"PropertyValueSpecification\",\"valueRequired\":true,\"valueName\":\"search_term_string\"}}],\"inLanguage\":\"es\"},{\"@type\":\"Organization\",\"@id\":\"https:\\\/\\\/www.jaumejuan.com\\\/es\\\/#organization\",\"name\":\"Jaume Juan - Disseny interior\",\"url\":\"https:\\\/\\\/www.jaumejuan.com\\\/es\\\/\",\"logo\":{\"@type\":\"ImageObject\",\"inLanguage\":\"es\",\"@id\":\"https:\\\/\\\/www.jaumejuan.com\\\/es\\\/#\\\/schema\\\/logo\\\/image\\\/\",\"url\":\"https:\\\/\\\/www.jaumejuan.com\\\/wp-content\\\/uploads\\\/2026\\\/03\\\/jaume-juan-disseny-interior-web.jpg\",\"contentUrl\":\"https:\\\/\\\/www.jaumejuan.com\\\/wp-content\\\/uploads\\\/2026\\\/03\\\/jaume-juan-disseny-interior-web.jpg\",\"width\":1025,\"height\":1025,\"caption\":\"Jaume Juan - Disseny interior\"},\"image\":{\"@id\":\"https:\\\/\\\/www.jaumejuan.com\\\/es\\\/#\\\/schema\\\/logo\\\/image\\\/\"},\"sameAs\":[\"https:\\\/\\\/www.instagram.com\\\/jaumejuan_dissenyinterior\\\/\"]}]}<\/script>\n<!-- \/ Yoast SEO plugin. -->","yoast_head_json":{"title":"Proyectos de dise\u00f1o de interiores en Mallorca | Jaume Juan","description":"Proyectos de dise\u00f1o de interiores realizados en Mallorca: reformas de viviendas, casas r\u00fasticas, promociones residenciales y locales comerciales.","robots":{"index":"index","follow":"follow","max-snippet":"max-snippet:-1","max-image-preview":"max-image-preview:large","max-video-preview":"max-video-preview:-1"},"canonical":"https:\/\/www.jaumejuan.com\/es\/proyectos\/","og_locale":"es_ES","og_type":"article","og_title":"Proyectos de dise\u00f1o de interiores en Mallorca | Jaume Juan","og_description":"Proyectos de dise\u00f1o de interiores realizados en Mallorca: reformas de viviendas, casas r\u00fasticas, promociones residenciales y locales comerciales.","og_url":"https:\/\/www.jaumejuan.com\/es\/proyectos\/","og_site_name":"Jaume Juan","article_modified_time":"2026-03-29T08:49:59+00:00","og_image":[{"width":1025,"height":1025,"url":"https:\/\/www.jaumejuan.com\/wp-content\/uploads\/2026\/03\/jaume-juan-disseny-interior-web.jpg","type":"image\/jpeg"}],"twitter_card":"summary_large_image","twitter_misc":{"Tiempo de lectura":"1 minuto"},"schema":{"@context":"https:\/\/schema.org","@graph":[{"@type":"WebPage","@id":"https:\/\/www.jaumejuan.com\/es\/proyectos\/","url":"https:\/\/www.jaumejuan.com\/es\/proyectos\/","name":"Proyectos de dise\u00f1o de interiores en Mallorca | Jaume Juan","isPartOf":{"@id":"https:\/\/www.jaumejuan.com\/es\/#website"},"primaryImageOfPage":{"@id":"https:\/\/www.jaumejuan.com\/es\/proyectos\/#primaryimage"},"image":{"@id":"https:\/\/www.jaumejuan.com\/es\/proyectos\/#primaryimage"},"thumbnailUrl":"https:\/\/www.jaumejuan.com\/wp-content\/uploads\/2026\/03\/jaume-juan-disseny-interior-web.jpg","datePublished":"2026-02-01T15:29:52+00:00","dateModified":"2026-03-29T08:49:59+00:00","description":"Proyectos de dise\u00f1o de interiores realizados en Mallorca: reformas de viviendas, casas r\u00fasticas, promociones residenciales y locales comerciales.","breadcrumb":{"@id":"https:\/\/www.jaumejuan.com\/es\/proyectos\/#breadcrumb"},"inLanguage":"es","potentialAction":[{"@type":"ReadAction","target":["https:\/\/www.jaumejuan.com\/es\/proyectos\/"]}]},{"@type":"ImageObject","inLanguage":"es","@id":"https:\/\/www.jaumejuan.com\/es\/proyectos\/#primaryimage","url":"https:\/\/www.jaumejuan.com\/wp-content\/uploads\/2026\/03\/jaume-juan-disseny-interior-web.jpg","contentUrl":"https:\/\/www.jaumejuan.com\/wp-content\/uploads\/2026\/03\/jaume-juan-disseny-interior-web.jpg","width":1025,"height":1025},{"@type":"BreadcrumbList","@id":"https:\/\/www.jaumejuan.com\/es\/proyectos\/#breadcrumb","itemListElement":[{"@type":"ListItem","position":1,"name":"Inici","item":"https:\/\/www.jaumejuan.com\/es\/inicio\/"},{"@type":"ListItem","position":2,"name":"Proyectos"}]},{"@type":"WebSite","@id":"https:\/\/www.jaumejuan.com\/es\/#website","url":"https:\/\/www.jaumejuan.com\/es\/","name":"Jaume Juan - Disseny interior","description":"Disseny interior a Mallorca","publisher":{"@id":"https:\/\/www.jaumejuan.com\/es\/#organization"},"potentialAction":[{"@type":"SearchAction","target":{"@type":"EntryPoint","urlTemplate":"https:\/\/www.jaumejuan.com\/es\/?s={search_term_string}"},"query-input":{"@type":"PropertyValueSpecification","valueRequired":true,"valueName":"search_term_string"}}],"inLanguage":"es"},{"@type":"Organization","@id":"https:\/\/www.jaumejuan.com\/es\/#organization","name":"Jaume Juan - Disseny interior","url":"https:\/\/www.jaumejuan.com\/es\/","logo":{"@type":"ImageObject","inLanguage":"es","@id":"https:\/\/www.jaumejuan.com\/es\/#\/schema\/logo\/image\/","url":"https:\/\/www.jaumejuan.com\/wp-content\/uploads\/2026\/03\/jaume-juan-disseny-interior-web.jpg","contentUrl":"https:\/\/www.jaumejuan.com\/wp-content\/uploads\/2026\/03\/jaume-juan-disseny-interior-web.jpg","width":1025,"height":1025,"caption":"Jaume Juan - Disseny interior"},"image":{"@id":"https:\/\/www.jaumejuan.com\/es\/#\/schema\/logo\/image\/"},"sameAs":["https:\/\/www.instagram.com\/jaumejuan_dissenyinterior\/"]}]}},"_links":{"self":[{"href":"https:\/\/www.jaumejuan.com\/es\/wp-json\/wp\/v2\/pages\/1483","targetHints":{"allow":["GET"]}}],"collection":[{"href":"https:\/\/www.jaumejuan.com\/es\/wp-json\/wp\/v2\/pages"}],"about":[{"href":"https:\/\/www.jaumejuan.com\/es\/wp-json\/wp\/v2\/types\/page"}],"author":[{"embeddable":true,"href":"https:\/\/www.jaumejuan.com\/es\/wp-json\/wp\/v2\/users\/1"}],"replies":[{"embeddable":true,"href":"https:\/\/www.jaumejuan.com\/es\/wp-json\/wp\/v2\/comments?post=1483"}],"version-history":[{"count":4,"href":"https:\/\/www.jaumejuan.com\/es\/wp-json\/wp\/v2\/pages\/1483\/revisions"}],"predecessor-version":[{"id":1729,"href":"https:\/\/www.jaumejuan.com\/es\/wp-json\/wp\/v2\/pages\/1483\/revisions\/1729"}],"wp:featuredmedia":[{"embeddable":true,"href":"https:\/\/www.jaumejuan.com\/es\/wp-json\/wp\/v2\/media\/1474"}],"wp:attachment":[{"href":"https:\/\/www.jaumejuan.com\/es\/wp-json\/wp\/v2\/media?parent=1483"}],"curies":[{"name":"wp","href":"https:\/\/api.w.org\/{rel}","templated":true}]}}