{"id":1477,"date":"2023-02-25T20:51:07","date_gmt":"2023-02-25T18:51:07","guid":{"rendered":"https:\/\/www.jaumejuan.com\/contacto\/"},"modified":"2026-03-15T19:49:30","modified_gmt":"2026-03-15T17:49:30","slug":"contacto","status":"publish","type":"page","link":"https:\/\/www.jaumejuan.com\/es\/contacto\/","title":{"rendered":"Contacto"},"content":{"rendered":"<div class=\"wpb-content-wrapper\">[vc_section full_height=\u00bbyes\u00bb css=\u00bb.vc_custom_1772982588459{padding-top: 50px !important;padding-bottom: 100px !important;}\u00bb][vc_row][vc_column][vc_column_text css=\u00bb.vc_custom_1772048814052{margin-bottom: 25px !important;}\u00bb el_class=\u00bbtitol-seccio\u00bb]\n<h1>Contacto<\/h1>\n[\/vc_column_text][vc_column_text child_inherit_color=\u00bbfalse\u00bb css=\u00bb.vc_custom_1773053351553{margin-bottom: 50px !important;}\u00bb]Si tienes alg\u00fan proyecto en mente o deseas obtener m\u00e1s informaci\u00f3n sobre mis servicios de dise\u00f1o de interiores, puedes ponerte en contacto conmigo por tel\u00e9fono o a trav\u00e9s del formulario.[\/vc_column_text][vc_row_inner][vc_column_inner width=\u00bb1\/3&#8243;][vc_column_text css=\u00bb.vc_custom_1772048972060{margin-bottom: 15px !important;}\u00bb el_class=\u00bbtitol\u00bb]\n<h2>Direcci\u00f3n<\/h2>\n[\/vc_column_text][vc_column_text child_inherit_color=\u00bbfalse\u00bb css=\u00bb.vc_custom_1772357811557{margin-bottom: 50px !important;}\u00bb]<a href=\"https:\/\/maps.app.goo.gl\/RJnuES1ED8XBN7yk6\">Carrer Amargura, 9 &#8211; 1er pis<br \/>\n07500 &#8211; Manacor<\/a>[\/vc_column_text][\/vc_column_inner][vc_column_inner width=\u00bb1\/3&#8243;][vc_column_text css=\u00bb.vc_custom_1772048978532{margin-bottom: 15px !important;}\u00bb el_class=\u00bbtitol\u00bb]\n<h2>Movil<\/h2>\n[\/vc_column_text][vc_column_text css=\u00bb.vc_custom_1695137813356{margin-bottom: 50px !important;}\u00bb el_class=\u00bbpetit\u00bb]\n<p style=\"text-align: left;\"><a href=\"tel:+34%20620848368\">+34 620 84 83 68<\/a><\/p>\n[\/vc_column_text][\/vc_column_inner][vc_column_inner width=\u00bb1\/3&#8243;][vc_column_text css=\u00bb.vc_custom_1772613596848{margin-bottom: 15px !important;}\u00bb el_class=\u00bbtitol\u00bb]\n<h2>Redes sociales<\/h2>\n[\/vc_column_text]<style>.vcex-social-links.vcex_69d20b7169bf7{font-size:18px;}.vcex-social-links.vcex_69d20b7169bf7 .vcex-social-links__item{height:20px;}<\/style><div class=\"vcex-social-links vcex-module wpex-flex wpex-flex-wrap wpex-social-btns vcex-social-btns wpex-items-center wpex-justify-start wpex-gap-5 icona-xarxes wpex-last-mr-0 vcex_69d20b7169bf7\"><a href=\"https:\/\/www.instagram.com\/jaumejuan_dissenyinterior\/\" class=\"vcex-social-links__item wpex-social-btn wpex-social-btn-no-style wpex-inline-flex wpex-flex-column wpex-items-center wpex-justify-center wpex-leading-none vc_custom_1773132002255 wpex-instagram\" target=\"_blank\" style=\"width:20px;\" rel=\"noopener noreferrer\"><span class=\"vcex-social-links__icon wpex-icon\" aria-hidden=\"true\"><svg xmlns=\"http:\/\/www.w3.org\/2000\/svg\" viewBox=\"0 0 448 512\"><path d=\"M224.1 141c-63.6 0-114.9 51.3-114.9 114.9s51.3 114.9 114.9 114.9S339 319.5 339 255.9 287.7 141 224.1 141zm0 189.6c-41.1 0-74.7-33.5-74.7-74.7s33.5-74.7 74.7-74.7 74.7 33.5 74.7 74.7-33.6 74.7-74.7 74.7zm146.4-194.3c0 14.9-12 26.8-26.8 26.8-14.9 0-26.8-12-26.8-26.8s12-26.8 26.8-26.8 26.8 12 26.8 26.8zm76.1 27.2c-1.7-35.9-9.9-67.7-36.2-93.9-26.2-26.2-58-34.4-93.9-36.2-37-2.1-147.9-2.1-184.9 0-35.8 1.7-67.6 9.9-93.9 36.1s-34.4 58-36.2 93.9c-2.1 37-2.1 147.9 0 184.9 1.7 35.9 9.9 67.7 36.2 93.9s58 34.4 93.9 36.2c37 2.1 147.9 2.1 184.9 0 35.9-1.7 67.7-9.9 93.9-36.2 26.2-26.2 34.4-58 36.2-93.9 2.1-37 2.1-147.8 0-184.8zM398.8 388c-7.8 19.6-22.9 34.7-42.6 42.6-29.5 11.7-99.5 9-132.1 9s-102.7 2.6-132.1-9c-19.6-7.8-34.7-22.9-42.6-42.6-11.7-29.5-9-99.5-9-132.1s-2.6-102.7 9-132.1c7.8-19.6 22.9-34.7 42.6-42.6 29.5-11.7 99.5-9 132.1-9s102.7-2.6 132.1 9c19.6 7.8 34.7 22.9 42.6 42.6 11.7 29.5 9 99.5 9 132.1s2.7 102.7-9 132.1z\"\/><\/svg><\/span><span class=\"screen-reader-text\">Instagram<\/span><\/a><\/div>[\/vc_column_inner][\/vc_row_inner][vc_column_text css=\u00bb.vc_custom_1772048823556{margin-bottom: 25px !important;}\u00bb el_class=\u00bbtitol\u00bb]\n<h2>Formulario<\/h2>\n[\/vc_column_text]\n<div class=\"wpcf7 no-js\" id=\"wpcf7-f1492-o1\" lang=\"es-ES\" dir=\"ltr\" data-wpcf7-id=\"1492\">\n<div class=\"screen-reader-response\"><p role=\"status\" aria-live=\"polite\" aria-atomic=\"true\"><\/p> <ul><\/ul><\/div>\n<form action=\"\/es\/wp-json\/wp\/v2\/pages\/1477#wpcf7-f1492-o1\" method=\"post\" class=\"wpcf7-form init\" aria-label=\"Formulario de contacto\" novalidate=\"novalidate\" data-status=\"init\">\n<fieldset class=\"hidden-fields-container\"><input type=\"hidden\" name=\"_wpcf7\" value=\"1492\" \/><input type=\"hidden\" name=\"_wpcf7_version\" value=\"6.1.5\" \/><input type=\"hidden\" name=\"_wpcf7_locale\" value=\"es_ES\" \/><input type=\"hidden\" name=\"_wpcf7_unit_tag\" value=\"wpcf7-f1492-o1\" \/><input type=\"hidden\" name=\"_wpcf7_container_post\" value=\"0\" \/><input type=\"hidden\" name=\"_wpcf7_posted_data_hash\" value=\"\" \/><input type=\"hidden\" name=\"_wpcf7_recaptcha_response\" value=\"\" \/>\n<\/fieldset>\n<p><label>Nombre<br \/>\n<span class=\"wpcf7-form-control-wrap\" data-name=\"your-name\"><input size=\"40\" maxlength=\"400\" class=\"wpcf7-form-control wpcf7-text wpcf7-validates-as-required\" autocomplete=\"name\" aria-required=\"true\" aria-invalid=\"false\" value=\"\" type=\"text\" name=\"your-name\" \/><\/span> <\/label>\n<\/p>\n<p><label>Tel\u00e9fono<br \/>\n<span class=\"wpcf7-form-control-wrap\" data-name=\"tel\"><input size=\"40\" maxlength=\"400\" class=\"wpcf7-form-control wpcf7-tel wpcf7-validates-as-required wpcf7-text wpcf7-validates-as-tel\" autocomplete=\"tel\" aria-required=\"true\" aria-invalid=\"false\" value=\"\" type=\"tel\" name=\"tel\" \/><\/span> <\/label>\n<\/p>\n<p><label>Email<br \/>\n<span class=\"wpcf7-form-control-wrap\" data-name=\"email\"><input size=\"40\" maxlength=\"400\" class=\"wpcf7-form-control wpcf7-email wpcf7-validates-as-required wpcf7-text wpcf7-validates-as-email\" autocomplete=\"email\" aria-required=\"true\" aria-invalid=\"false\" value=\"\" type=\"email\" name=\"email\" \/><\/span> <\/label>\n<\/p>\n<p><label>Asunto<br \/>\n<span class=\"wpcf7-form-control-wrap\" data-name=\"subject\"><input size=\"40\" maxlength=\"400\" class=\"wpcf7-form-control wpcf7-text wpcf7-validates-as-required\" aria-required=\"true\" aria-invalid=\"false\" value=\"\" type=\"text\" name=\"subject\" \/><\/span> <\/label>\n<\/p>\n<p><label>Mensaje<br \/>\n<span class=\"wpcf7-form-control-wrap\" data-name=\"message\"><textarea cols=\"40\" rows=\"10\" maxlength=\"2000\" class=\"wpcf7-form-control wpcf7-textarea wpcf7-validates-as-required\" aria-required=\"true\" aria-invalid=\"false\" name=\"message\"><\/textarea><\/span> <\/label>\n<\/p>\n<div class=\"acceptacio\">\n\t<p><span class=\"wpcf7-form-control-wrap\" data-name=\"acceptance-001\"><span class=\"wpcf7-form-control wpcf7-acceptance\"><span class=\"wpcf7-list-item\"><input type=\"checkbox\" name=\"acceptance-001\" value=\"1\" aria-invalid=\"false\" \/><\/span><\/span><\/span> He leido y acepto <a href=\"https:\/\/www.jaumejuan.com\/texts-legals\/#privadesa\" target=\"_blank\">la pol\u00edtica de privacidad.<\/a>\n\t<\/p>\n<\/div>\n<p><label><br \/>\n<input class=\"wpcf7-form-control wpcf7-submit has-spinner\" type=\"submit\" value=\"Enviar\" \/><\/label>\n<\/p><p style=\"display: none !important;\" class=\"akismet-fields-container\" data-prefix=\"_wpcf7_ak_\"><label>&#916;<textarea name=\"_wpcf7_ak_hp_textarea\" cols=\"45\" rows=\"8\" maxlength=\"100\"><\/textarea><\/label><input type=\"hidden\" id=\"ak_js_1\" name=\"_wpcf7_ak_js\" value=\"32\"\/><script>document.getElementById( \"ak_js_1\" ).setAttribute( \"value\", ( new Date() ).getTime() );<\/script><\/p><div class=\"wpcf7-response-output\" aria-hidden=\"true\"><\/div>\n<\/form>\n<\/div>\n[\/vc_column][\/vc_row][\/vc_section]\n<\/div>","protected":false},"excerpt":{"rendered":"<p>[vc_section full_height=\u00bbyes\u00bb css=\u00bb.vc_custom_1772982588459{padding-top: 50px !important;padding-bottom: 100px !important;}\u00bb][vc_row][vc_column][vc_column_text css=\u00bb.vc_custom_1772048814052{margin-bottom: 25px !important;}\u00bb el_class=\u00bbtitol-seccio\u00bb] Contacto [\/vc_column_text][vc_column_text child_inherit_color=\u00bbfalse\u00bb css=\u00bb.vc_custom_1773053351553{margin-bottom: 50px !important;}\u00bb]Si tienes alg\u00fan proyecto en mente o deseas obtener m\u00e1s informaci\u00f3n sobre mis servicios de dise\u00f1o de interiores, puedes ponerte en contacto conmigo por tel\u00e9fono o a trav\u00e9s del formulario.[\/vc_column_text][vc_row_inner][vc_column_inner width=\u00bb1\/3&#8243;][vc_column_text css=\u00bb.vc_custom_1772048972060{margin-bottom: 15px !important;}\u00bb el_class=\u00bbtitol\u00bb] Direcci\u00f3n [\/vc_column_text][vc_column_text child_inherit_color=\u00bbfalse\u00bb css=\u00bb.vc_custom_1772357811557{margin-bottom:&hellip;<\/p>\n","protected":false},"author":1,"featured_media":1474,"parent":0,"menu_order":0,"comment_status":"closed","ping_status":"closed","template":"","meta":{"inline_featured_image":false,"footnotes":""},"class_list":["post-1477","page","type-page","status-publish","has-post-thumbnail","hentry","entry","has-media"],"yoast_head":"<!-- This site is optimized with the Yoast SEO plugin v27.3 - https:\/\/yoast.com\/product\/yoast-seo-wordpress\/ -->\n<title>Jaume Juan - Contacto<\/title>\n<meta name=\"description\" content=\"Jaume Juan, dise\u00f1o de interiores en Mallorca. Estudio situado en Manacor, en el c\u00e9ntrico carrer Amargura, 9, primer piso.\" \/>\n<meta name=\"robots\" content=\"index, follow, max-snippet:-1, max-image-preview:large, max-video-preview:-1\" \/>\n<link rel=\"canonical\" href=\"https:\/\/www.jaumejuan.com\/es\/contacto\/\" \/>\n<meta property=\"og:locale\" content=\"es_ES\" \/>\n<meta property=\"og:type\" content=\"article\" \/>\n<meta property=\"og:title\" content=\"Jaume Juan - Contacto\" \/>\n<meta property=\"og:description\" content=\"Jaume Juan, dise\u00f1o de interiores en Mallorca. Estudio situado en Manacor, en el c\u00e9ntrico carrer Amargura, 9, primer piso.\" \/>\n<meta property=\"og:url\" content=\"https:\/\/www.jaumejuan.com\/es\/contacto\/\" \/>\n<meta property=\"og:site_name\" content=\"Jaume Juan\" \/>\n<meta property=\"article:modified_time\" content=\"2026-03-15T17:49:30+00:00\" \/>\n<meta property=\"og:image\" content=\"https:\/\/www.jaumejuan.com\/wp-content\/uploads\/2026\/03\/jaume-juan-disseny-interior-web.jpg\" \/>\n\t<meta property=\"og:image:width\" content=\"1025\" \/>\n\t<meta property=\"og:image:height\" content=\"1025\" \/>\n\t<meta property=\"og:image:type\" content=\"image\/jpeg\" \/>\n<meta name=\"twitter:card\" content=\"summary_large_image\" \/>\n<meta name=\"twitter:label1\" content=\"Tiempo de lectura\" \/>\n\t<meta name=\"twitter:data1\" content=\"1 minuto\" \/>\n<script type=\"application\/ld+json\" class=\"yoast-schema-graph\">{\"@context\":\"https:\\\/\\\/schema.org\",\"@graph\":[{\"@type\":\"WebPage\",\"@id\":\"https:\\\/\\\/www.jaumejuan.com\\\/es\\\/contacto\\\/\",\"url\":\"https:\\\/\\\/www.jaumejuan.com\\\/es\\\/contacto\\\/\",\"name\":\"Jaume Juan - Contacto\",\"isPartOf\":{\"@id\":\"https:\\\/\\\/www.jaumejuan.com\\\/es\\\/#website\"},\"primaryImageOfPage\":{\"@id\":\"https:\\\/\\\/www.jaumejuan.com\\\/es\\\/contacto\\\/#primaryimage\"},\"image\":{\"@id\":\"https:\\\/\\\/www.jaumejuan.com\\\/es\\\/contacto\\\/#primaryimage\"},\"thumbnailUrl\":\"https:\\\/\\\/www.jaumejuan.com\\\/wp-content\\\/uploads\\\/2026\\\/03\\\/jaume-juan-disseny-interior-web.jpg\",\"datePublished\":\"2023-02-25T18:51:07+00:00\",\"dateModified\":\"2026-03-15T17:49:30+00:00\",\"description\":\"Jaume Juan, dise\u00f1o de interiores en Mallorca. Estudio situado en Manacor, en el c\u00e9ntrico carrer Amargura, 9, primer piso.\",\"breadcrumb\":{\"@id\":\"https:\\\/\\\/www.jaumejuan.com\\\/es\\\/contacto\\\/#breadcrumb\"},\"inLanguage\":\"es\",\"potentialAction\":[{\"@type\":\"ReadAction\",\"target\":[\"https:\\\/\\\/www.jaumejuan.com\\\/es\\\/contacto\\\/\"]}]},{\"@type\":\"ImageObject\",\"inLanguage\":\"es\",\"@id\":\"https:\\\/\\\/www.jaumejuan.com\\\/es\\\/contacto\\\/#primaryimage\",\"url\":\"https:\\\/\\\/www.jaumejuan.com\\\/wp-content\\\/uploads\\\/2026\\\/03\\\/jaume-juan-disseny-interior-web.jpg\",\"contentUrl\":\"https:\\\/\\\/www.jaumejuan.com\\\/wp-content\\\/uploads\\\/2026\\\/03\\\/jaume-juan-disseny-interior-web.jpg\",\"width\":1025,\"height\":1025},{\"@type\":\"BreadcrumbList\",\"@id\":\"https:\\\/\\\/www.jaumejuan.com\\\/es\\\/contacto\\\/#breadcrumb\",\"itemListElement\":[{\"@type\":\"ListItem\",\"position\":1,\"name\":\"Inici\",\"item\":\"https:\\\/\\\/www.jaumejuan.com\\\/es\\\/inicio\\\/\"},{\"@type\":\"ListItem\",\"position\":2,\"name\":\"Contacto\"}]},{\"@type\":\"WebSite\",\"@id\":\"https:\\\/\\\/www.jaumejuan.com\\\/es\\\/#website\",\"url\":\"https:\\\/\\\/www.jaumejuan.com\\\/es\\\/\",\"name\":\"Jaume Juan - Disseny interior\",\"description\":\"Disseny interior a Mallorca\",\"publisher\":{\"@id\":\"https:\\\/\\\/www.jaumejuan.com\\\/es\\\/#organization\"},\"potentialAction\":[{\"@type\":\"SearchAction\",\"target\":{\"@type\":\"EntryPoint\",\"urlTemplate\":\"https:\\\/\\\/www.jaumejuan.com\\\/es\\\/?s={search_term_string}\"},\"query-input\":{\"@type\":\"PropertyValueSpecification\",\"valueRequired\":true,\"valueName\":\"search_term_string\"}}],\"inLanguage\":\"es\"},{\"@type\":\"Organization\",\"@id\":\"https:\\\/\\\/www.jaumejuan.com\\\/es\\\/#organization\",\"name\":\"Jaume Juan - Disseny interior\",\"url\":\"https:\\\/\\\/www.jaumejuan.com\\\/es\\\/\",\"logo\":{\"@type\":\"ImageObject\",\"inLanguage\":\"es\",\"@id\":\"https:\\\/\\\/www.jaumejuan.com\\\/es\\\/#\\\/schema\\\/logo\\\/image\\\/\",\"url\":\"https:\\\/\\\/www.jaumejuan.com\\\/wp-content\\\/uploads\\\/2026\\\/03\\\/jaume-juan-disseny-interior-web.jpg\",\"contentUrl\":\"https:\\\/\\\/www.jaumejuan.com\\\/wp-content\\\/uploads\\\/2026\\\/03\\\/jaume-juan-disseny-interior-web.jpg\",\"width\":1025,\"height\":1025,\"caption\":\"Jaume Juan - Disseny interior\"},\"image\":{\"@id\":\"https:\\\/\\\/www.jaumejuan.com\\\/es\\\/#\\\/schema\\\/logo\\\/image\\\/\"},\"sameAs\":[\"https:\\\/\\\/www.instagram.com\\\/jaumejuan_dissenyinterior\\\/\"]}]}<\/script>\n<!-- \/ Yoast SEO plugin. -->","yoast_head_json":{"title":"Jaume Juan - Contacto","description":"Jaume Juan, dise\u00f1o de interiores en Mallorca. Estudio situado en Manacor, en el c\u00e9ntrico carrer Amargura, 9, primer piso.","robots":{"index":"index","follow":"follow","max-snippet":"max-snippet:-1","max-image-preview":"max-image-preview:large","max-video-preview":"max-video-preview:-1"},"canonical":"https:\/\/www.jaumejuan.com\/es\/contacto\/","og_locale":"es_ES","og_type":"article","og_title":"Jaume Juan - Contacto","og_description":"Jaume Juan, dise\u00f1o de interiores en Mallorca. Estudio situado en Manacor, en el c\u00e9ntrico carrer Amargura, 9, primer piso.","og_url":"https:\/\/www.jaumejuan.com\/es\/contacto\/","og_site_name":"Jaume Juan","article_modified_time":"2026-03-15T17:49:30+00:00","og_image":[{"width":1025,"height":1025,"url":"https:\/\/www.jaumejuan.com\/wp-content\/uploads\/2026\/03\/jaume-juan-disseny-interior-web.jpg","type":"image\/jpeg"}],"twitter_card":"summary_large_image","twitter_misc":{"Tiempo de lectura":"1 minuto"},"schema":{"@context":"https:\/\/schema.org","@graph":[{"@type":"WebPage","@id":"https:\/\/www.jaumejuan.com\/es\/contacto\/","url":"https:\/\/www.jaumejuan.com\/es\/contacto\/","name":"Jaume Juan - Contacto","isPartOf":{"@id":"https:\/\/www.jaumejuan.com\/es\/#website"},"primaryImageOfPage":{"@id":"https:\/\/www.jaumejuan.com\/es\/contacto\/#primaryimage"},"image":{"@id":"https:\/\/www.jaumejuan.com\/es\/contacto\/#primaryimage"},"thumbnailUrl":"https:\/\/www.jaumejuan.com\/wp-content\/uploads\/2026\/03\/jaume-juan-disseny-interior-web.jpg","datePublished":"2023-02-25T18:51:07+00:00","dateModified":"2026-03-15T17:49:30+00:00","description":"Jaume Juan, dise\u00f1o de interiores en Mallorca. Estudio situado en Manacor, en el c\u00e9ntrico carrer Amargura, 9, primer piso.","breadcrumb":{"@id":"https:\/\/www.jaumejuan.com\/es\/contacto\/#breadcrumb"},"inLanguage":"es","potentialAction":[{"@type":"ReadAction","target":["https:\/\/www.jaumejuan.com\/es\/contacto\/"]}]},{"@type":"ImageObject","inLanguage":"es","@id":"https:\/\/www.jaumejuan.com\/es\/contacto\/#primaryimage","url":"https:\/\/www.jaumejuan.com\/wp-content\/uploads\/2026\/03\/jaume-juan-disseny-interior-web.jpg","contentUrl":"https:\/\/www.jaumejuan.com\/wp-content\/uploads\/2026\/03\/jaume-juan-disseny-interior-web.jpg","width":1025,"height":1025},{"@type":"BreadcrumbList","@id":"https:\/\/www.jaumejuan.com\/es\/contacto\/#breadcrumb","itemListElement":[{"@type":"ListItem","position":1,"name":"Inici","item":"https:\/\/www.jaumejuan.com\/es\/inicio\/"},{"@type":"ListItem","position":2,"name":"Contacto"}]},{"@type":"WebSite","@id":"https:\/\/www.jaumejuan.com\/es\/#website","url":"https:\/\/www.jaumejuan.com\/es\/","name":"Jaume Juan - Disseny interior","description":"Disseny interior a Mallorca","publisher":{"@id":"https:\/\/www.jaumejuan.com\/es\/#organization"},"potentialAction":[{"@type":"SearchAction","target":{"@type":"EntryPoint","urlTemplate":"https:\/\/www.jaumejuan.com\/es\/?s={search_term_string}"},"query-input":{"@type":"PropertyValueSpecification","valueRequired":true,"valueName":"search_term_string"}}],"inLanguage":"es"},{"@type":"Organization","@id":"https:\/\/www.jaumejuan.com\/es\/#organization","name":"Jaume Juan - Disseny interior","url":"https:\/\/www.jaumejuan.com\/es\/","logo":{"@type":"ImageObject","inLanguage":"es","@id":"https:\/\/www.jaumejuan.com\/es\/#\/schema\/logo\/image\/","url":"https:\/\/www.jaumejuan.com\/wp-content\/uploads\/2026\/03\/jaume-juan-disseny-interior-web.jpg","contentUrl":"https:\/\/www.jaumejuan.com\/wp-content\/uploads\/2026\/03\/jaume-juan-disseny-interior-web.jpg","width":1025,"height":1025,"caption":"Jaume Juan - Disseny interior"},"image":{"@id":"https:\/\/www.jaumejuan.com\/es\/#\/schema\/logo\/image\/"},"sameAs":["https:\/\/www.instagram.com\/jaumejuan_dissenyinterior\/"]}]}},"_links":{"self":[{"href":"https:\/\/www.jaumejuan.com\/es\/wp-json\/wp\/v2\/pages\/1477","targetHints":{"allow":["GET"]}}],"collection":[{"href":"https:\/\/www.jaumejuan.com\/es\/wp-json\/wp\/v2\/pages"}],"about":[{"href":"https:\/\/www.jaumejuan.com\/es\/wp-json\/wp\/v2\/types\/page"}],"author":[{"embeddable":true,"href":"https:\/\/www.jaumejuan.com\/es\/wp-json\/wp\/v2\/users\/1"}],"replies":[{"embeddable":true,"href":"https:\/\/www.jaumejuan.com\/es\/wp-json\/wp\/v2\/comments?post=1477"}],"version-history":[{"count":2,"href":"https:\/\/www.jaumejuan.com\/es\/wp-json\/wp\/v2\/pages\/1477\/revisions"}],"predecessor-version":[{"id":1479,"href":"https:\/\/www.jaumejuan.com\/es\/wp-json\/wp\/v2\/pages\/1477\/revisions\/1479"}],"wp:featuredmedia":[{"embeddable":true,"href":"https:\/\/www.jaumejuan.com\/es\/wp-json\/wp\/v2\/media\/1474"}],"wp:attachment":[{"href":"https:\/\/www.jaumejuan.com\/es\/wp-json\/wp\/v2\/media?parent=1477"}],"curies":[{"name":"wp","href":"https:\/\/api.w.org\/{rel}","templated":true}]}}